{"id":2,"date":"2025-12-06T12:07:30","date_gmt":"2025-12-06T15:07:30","guid":{"rendered":"http:\/\/radioluzafrica.com\/?page_id=2"},"modified":"2025-12-06T16:34:50","modified_gmt":"2025-12-06T19:34:50","slug":"pagina-exemplo","status":"publish","type":"page","link":"https:\/\/radioluzafrica.com\/?page_id=2","title":{"rendered":"OUVIR RADIO AQUI"},"content":{"rendered":"\n<p>Paz do Senhor a Todos os ouvintes da R\u00e1dio Luz FM. Nosso primeiro site, infelizmente, perdemos. Estamos reconstruindo um novo site, neste mesmo endere\u00e7o. Incluindo as mesmas grava\u00e7\u00f5es de v\u00e1rios programas junto com as do pr. Claudio Silva, fundador e presidente da Igreja Assembleia de Deus Guineense e R\u00e1dio Luz FM.<\/p>\n\n\n\n<style>audio::-webkit-media-controls-timeline { display:none;}<\/style>\n<audio autoplay controls=\"controls\" src=\"http:\/\/srv11.ipstm.net:21574\/;\"><\/audio>\n\n\n\n<blockquote class=\"wp-block-quote is-layout-flow wp-block-quote-is-layout-flow\">\n<p>Enquanto o site ainda n\u00e3o esta pronto, disponibilizamos a op\u00e7\u00e3o de ouvir ao vivo. Parece ser esse o mais importante no momento.<\/p>\n<\/blockquote>\n\n\n\n<p>&#8230;Programa\u00e7\u00e3o da R\u00e1dio Luz FM, das 07h as 23h (UTC +0)<\/p>\n\n\n\n<p>Deus aben\u00e7oe aos amigos e irm\u00e3os. Orem pela Guin\u00e9 Bissau.<\/p>\n","protected":false},"excerpt":{"rendered":"<p>Paz do Senhor a Todos os ouvintes da R\u00e1dio Luz FM. Nosso primeiro site, infelizmente, perdemos. Estamos reconstruindo um novo site, neste mesmo endere\u00e7o. Incluindo as mesmas grava\u00e7\u00f5es de v\u00e1rios programas junto com as do pr. Claudio Silva, fundador e presidente da Igreja Assembleia de Deus Guineense e R\u00e1dio Luz FM. Enquanto o site ainda [&hellip;]<\/p>\n","protected":false},"author":1,"featured_media":0,"parent":0,"menu_order":0,"comment_status":"closed","ping_status":"open","template":"","meta":{"footnotes":""},"class_list":["post-2","page","type-page","status-publish","hentry"],"_links":{"self":[{"href":"https:\/\/radioluzafrica.com\/index.php?rest_route=\/wp\/v2\/pages\/2","targetHints":{"allow":["GET"]}}],"collection":[{"href":"https:\/\/radioluzafrica.com\/index.php?rest_route=\/wp\/v2\/pages"}],"about":[{"href":"https:\/\/radioluzafrica.com\/index.php?rest_route=\/wp\/v2\/types\/page"}],"author":[{"embeddable":true,"href":"https:\/\/radioluzafrica.com\/index.php?rest_route=\/wp\/v2\/users\/1"}],"replies":[{"embeddable":true,"href":"https:\/\/radioluzafrica.com\/index.php?rest_route=%2Fwp%2Fv2%2Fcomments&post=2"}],"version-history":[{"count":12,"href":"https:\/\/radioluzafrica.com\/index.php?rest_route=\/wp\/v2\/pages\/2\/revisions"}],"predecessor-version":[{"id":28,"href":"https:\/\/radioluzafrica.com\/index.php?rest_route=\/wp\/v2\/pages\/2\/revisions\/28"}],"wp:attachment":[{"href":"https:\/\/radioluzafrica.com\/index.php?rest_route=%2Fwp%2Fv2%2Fmedia&parent=2"}],"curies":[{"name":"wp","href":"https:\/\/api.w.org\/{rel}","templated":true}]}}